{"id":5117,"date":"2024-10-31T18:58:45","date_gmt":"2024-10-31T17:58:45","guid":{"rendered":"https:\/\/moselleconnect.lu\/blogue-2\/"},"modified":"2024-12-16T17:50:58","modified_gmt":"2024-12-16T16:50:58","slug":"blogue-2","status":"publish","type":"page","link":"https:\/\/moselleconnect.lu\/fr\/blogue-2\/","title":{"rendered":"Blogue"},"content":{"rendered":"\t\t<div data-elementor-type=\"wp-page\" data-elementor-id=\"5117\" class=\"elementor elementor-5117 elementor-5113\" data-elementor-post-type=\"page\">\n\t\t\t\t<div data-particle_enable=\"false\" data-particle-mobile-disabled=\"false\" class=\"elementor-element elementor-element-ec38f3e e-con-full e-flex e-con e-parent\" data-id=\"ec38f3e\" data-element_type=\"container\" data-e-type=\"container\">\n\t\t\t\t<div class=\"elementor-element elementor-element-79df0bc elementor-align-left elementor-widget elementor-widget-bdevs-page-header\" data-id=\"79df0bc\" data-element_type=\"widget\" data-e-type=\"widget\" data-widget_type=\"bdevs-page-header.default\">\n\t\t\t\t<div class=\"elementor-widget-container\">\n\t\t\t\t\t    <div class=\"full-landing-image sx-bnr-inr overlay-wraper  bg-top-center\"    style=\"background-image:url(https:\/\/moselleconnect.lu\/wp-content\/uploads\/2023\/02\/pic-5-2-1.jpg);\">\r\n            <div class=\"overlay-main bg-white opacity-0\"><\/div>\r\n            <div class=\"container\">\r\n                <div class=\"sx-bnr-inr-entry\">\r\n                    <div class=\"banner-title-outer\">\r\n                                                <div class=\"banner-title-name\">\r\n                                                        <span class=\"sx-bnr-sm-title\">Nous sommes d\u00e9vou\u00e9s<\/span>\r\n                                                                                    <h2 class=\"sx-title\">Page de blog<\/h2>\r\n                                                    <\/div>\r\n                                                <!-- BREADCRUMB ROW -->                            \r\n                        <div>\r\n                            <ul class=\"sx-breadcrumb breadcrumb-style-2\">\r\n                                                                <li><a href=\"https:\/\/moselleconnect.lu\/fr\/\">Page d'accueil<\/a><\/li>\r\n                                                                                                <li>Page du blog<\/li>\r\n                                                            <\/ul>\r\n                        <\/div>\r\n                        <!-- BREADCRUMB ROW END -->  \r\n                    <\/div>                          \r\n                <\/div>\r\n            <\/div> \r\n                        <div class=\"sx-bnr-outline-text\">\r\n                <h1>Blogue<\/h1>\r\n            <\/div> \r\n                    <\/div>\r\n    \t\t\t\t<\/div>\n\t\t\t\t<\/div>\n\t\t\t\t<\/div>\n\t\t<div data-particle_enable=\"false\" data-particle-mobile-disabled=\"false\" class=\"elementor-element elementor-element-52a91c1 e-flex e-con-boxed e-con e-parent\" data-id=\"52a91c1\" data-element_type=\"container\" data-e-type=\"container\">\n\t\t\t\t\t<div class=\"e-con-inner\">\n\t\t\t\t<div class=\"elementor-element elementor-element-841ecbf elementor-grid-3 elementor-grid-tablet-2 elementor-grid-mobile-1 elementor-posts--thumbnail-top elementor-widget elementor-widget-posts\" data-id=\"841ecbf\" data-element_type=\"widget\" data-e-type=\"widget\" data-settings=\"{&quot;classic_columns&quot;:&quot;3&quot;,&quot;classic_columns_tablet&quot;:&quot;2&quot;,&quot;classic_columns_mobile&quot;:&quot;1&quot;,&quot;classic_row_gap&quot;:{&quot;unit&quot;:&quot;px&quot;,&quot;size&quot;:35,&quot;sizes&quot;:[]},&quot;classic_row_gap_tablet&quot;:{&quot;unit&quot;:&quot;px&quot;,&quot;size&quot;:&quot;&quot;,&quot;sizes&quot;:[]},&quot;classic_row_gap_mobile&quot;:{&quot;unit&quot;:&quot;px&quot;,&quot;size&quot;:&quot;&quot;,&quot;sizes&quot;:[]}}\" data-widget_type=\"posts.classic\">\n\t\t\t\t<div class=\"elementor-widget-container\">\n\t\t\t\t\t\t\t<div class=\"elementor-posts-container elementor-posts elementor-posts--skin-classic elementor-grid\">\n\t\t\t\t<article class=\"elementor-post elementor-grid-item post-5294 post type-post status-publish format-standard has-post-thumbnail hentry category-non-classifiee tag-cycle-de-vie-du-logiciel tag-developpement-logiciel tag-genie-logiciel tag-logiciels-fiables tag-methodologie-du-developpement-logiciel tag-methodologie-du-genie-logiciel tag-pratiques-de-developpement-logiciel tag-processus-de-developpement-logiciel\">\n\t\t\t\t<a class=\"elementor-post__thumbnail__link\" href=\"https:\/\/moselleconnect.lu\/fr\/methodologie-du-genie-logiciel-et-methodologie-du-developpement-logiciel\/\" tabindex=\"-1\" >\n\t\t\t<div class=\"elementor-post__thumbnail\"><img fetchpriority=\"high\" decoding=\"async\" width=\"300\" height=\"200\" src=\"https:\/\/moselleconnect.lu\/wp-content\/uploads\/2024\/10\/high-angle-people-working-together-3-300x200.jpg\" class=\"attachment-medium size-medium wp-image-4639\" alt=\"\" srcset=\"https:\/\/moselleconnect.lu\/wp-content\/uploads\/2024\/10\/high-angle-people-working-together-3-300x200.jpg 300w, https:\/\/moselleconnect.lu\/wp-content\/uploads\/2024\/10\/high-angle-people-working-together-3-1024x683.jpg 1024w, https:\/\/moselleconnect.lu\/wp-content\/uploads\/2024\/10\/high-angle-people-working-together-3-768x512.jpg 768w, https:\/\/moselleconnect.lu\/wp-content\/uploads\/2024\/10\/high-angle-people-working-together-3-1536x1024.jpg 1536w, https:\/\/moselleconnect.lu\/wp-content\/uploads\/2024\/10\/high-angle-people-working-together-3-2048x1365.jpg 2048w\" sizes=\"(max-width: 300px) 100vw, 300px\" \/><\/div>\n\t\t<\/a>\n\t\t\t\t<div class=\"elementor-post__text\">\n\t\t\t\t<h3 class=\"elementor-post__title\">\n\t\t\t<a href=\"https:\/\/moselleconnect.lu\/fr\/methodologie-du-genie-logiciel-et-methodologie-du-developpement-logiciel\/\" >\n\t\t\t\tM\u00e9thodologie du g\u00e9nie logiciel et m\u00e9thodologie du d\u00e9veloppement logiciel\t\t\t<\/a>\n\t\t<\/h3>\n\t\t\t\t<div class=\"elementor-post__excerpt\">\n\t\t\t<p>Les termes \u00ab g\u00e9nie logiciel \u00bb et \u00ab d\u00e9veloppement logiciel \u00bb sont souvent utilis\u00e9s de mani\u00e8re interchangeable, mais ils d\u00e9signent des approches distinctes dans le processus de cr\u00e9ation de logiciels.<\/p>\n<p>Le g\u00e9nie logiciel adopte une m\u00e9thode syst\u00e9matique et rigoureuse, int\u00e9grant des \u00e9tapes telles que la planification, l&#8217;analyse, la conception, la mise en \u0153uvre, les tests et le d\u00e9ploiement. Cette approche privil\u00e9gie la documentation et une planification approfondie, ce qui la rend id\u00e9ale pour des projets complexes et de grande envergure.<\/p>\n<p>En revanche, le d\u00e9veloppement logiciel met l&#8217;accent sur la cr\u00e9ation concr\u00e8te des applications \u00e0 travers des m\u00e9thodologies souvent plus flexibles et it\u00e9ratives. Comprendre ces diff\u00e9rences et leurs points communs est essentiel pour choisir l&#8217;approche la plus adapt\u00e9e \u00e0 la conception de syst\u00e8mes logiciels performants, fiables et faciles \u00e0 maintenir.<\/p>\n\t\t<\/div>\n\t\t\n\t\t<a class=\"elementor-post__read-more\" href=\"https:\/\/moselleconnect.lu\/fr\/methodologie-du-genie-logiciel-et-methodologie-du-developpement-logiciel\/\" aria-label=\"Read more about M\u00e9thodologie du g\u00e9nie logiciel et m\u00e9thodologie du d\u00e9veloppement logiciel\" tabindex=\"-1\" >\n\t\t\tEn savoir plus \"\t\t<\/a>\n\n\t\t\t\t<\/div>\n\t\t\t\t<\/article>\n\t\t\t\t<\/div>\n\t\t\n\t\t\t\t\t\t<\/div>\n\t\t\t\t<\/div>\n\t\t\t\t\t<\/div>\n\t\t\t\t<\/div>\n\t\t\t\t<\/div>\n\t\t","protected":false},"excerpt":{"rendered":"<p>Nous sommes d\u00e9vou\u00e9s Page de blog Page d&#8217;accueil Page du blog Blogue<\/p>\n","protected":false},"author":7,"featured_media":0,"parent":0,"menu_order":0,"comment_status":"closed","ping_status":"closed","template":"page-templates\/home-1.php","meta":{"inline_featured_image":false,"footnotes":""},"class_list":["post-5117","page","type-page","status-publish","hentry"],"yoast_head":"<!-- This site is optimized with the Yoast SEO plugin v27.4 - https:\/\/yoast.com\/product\/yoast-seo-wordpress\/ -->\n<title>Blogue | MoselleConnect<\/title>\n<meta name=\"robots\" content=\"index, follow, max-snippet:-1, max-image-preview:large, max-video-preview:-1\" \/>\n<link rel=\"canonical\" href=\"https:\/\/moselleconnect.lu\/fr\/blogue-2\/\" \/>\n<meta property=\"og:locale\" content=\"fr_FR\" \/>\n<meta property=\"og:type\" content=\"article\" \/>\n<meta property=\"og:title\" content=\"Blogue | MoselleConnect\" \/>\n<meta property=\"og:description\" content=\"Nous sommes d\u00e9vou\u00e9s Page de blog Page d&#8217;accueil Page du blog Blogue\" \/>\n<meta property=\"og:url\" content=\"https:\/\/moselleconnect.lu\/fr\/blogue-2\/\" \/>\n<meta property=\"og:site_name\" content=\"MoselleConnect\" \/>\n<meta property=\"article:modified_time\" content=\"2024-12-16T16:50:58+00:00\" \/>\n<meta property=\"og:image\" content=\"https:\/\/moselleconnect.lu\/wp-content\/uploads\/2024\/11\/Monogram-blue.png\" \/>\n\t<meta property=\"og:image:width\" content=\"500\" \/>\n\t<meta property=\"og:image:height\" content=\"500\" \/>\n\t<meta property=\"og:image:type\" content=\"image\/png\" \/>\n<meta name=\"twitter:card\" content=\"summary_large_image\" \/>\n<meta name=\"twitter:label1\" content=\"Dur\u00e9e de lecture estim\u00e9e\" \/>\n\t<meta name=\"twitter:data1\" content=\"1 minute\" \/>\n<script type=\"application\/ld+json\" class=\"yoast-schema-graph\">{\"@context\":\"https:\\\/\\\/schema.org\",\"@graph\":[{\"@type\":\"WebPage\",\"@id\":\"https:\\\/\\\/moselleconnect.lu\\\/fr\\\/blogue-2\\\/\",\"url\":\"https:\\\/\\\/moselleconnect.lu\\\/fr\\\/blogue-2\\\/\",\"name\":\"Blogue | MoselleConnect\",\"isPartOf\":{\"@id\":\"https:\\\/\\\/moselleconnect.lu\\\/#website\"},\"datePublished\":\"2024-10-31T17:58:45+00:00\",\"dateModified\":\"2024-12-16T16:50:58+00:00\",\"breadcrumb\":{\"@id\":\"https:\\\/\\\/moselleconnect.lu\\\/fr\\\/blogue-2\\\/#breadcrumb\"},\"inLanguage\":\"fr-FR\",\"potentialAction\":[{\"@type\":\"ReadAction\",\"target\":[\"https:\\\/\\\/moselleconnect.lu\\\/fr\\\/blogue-2\\\/\"]}]},{\"@type\":\"BreadcrumbList\",\"@id\":\"https:\\\/\\\/moselleconnect.lu\\\/fr\\\/blogue-2\\\/#breadcrumb\",\"itemListElement\":[{\"@type\":\"ListItem\",\"position\":1,\"name\":\"Home\",\"item\":\"https:\\\/\\\/moselleconnect.lu\\\/\"},{\"@type\":\"ListItem\",\"position\":2,\"name\":\"Blogue\"}]},{\"@type\":\"WebSite\",\"@id\":\"https:\\\/\\\/moselleconnect.lu\\\/#website\",\"url\":\"https:\\\/\\\/moselleconnect.lu\\\/\",\"name\":\"MoselleConnect\",\"description\":\"Custom Software Solutions\",\"publisher\":{\"@id\":\"https:\\\/\\\/moselleconnect.lu\\\/#organization\"},\"potentialAction\":[{\"@type\":\"SearchAction\",\"target\":{\"@type\":\"EntryPoint\",\"urlTemplate\":\"https:\\\/\\\/moselleconnect.lu\\\/?s={search_term_string}\"},\"query-input\":{\"@type\":\"PropertyValueSpecification\",\"valueRequired\":true,\"valueName\":\"search_term_string\"}}],\"inLanguage\":\"fr-FR\"},{\"@type\":\"Organization\",\"@id\":\"https:\\\/\\\/moselleconnect.lu\\\/#organization\",\"name\":\"Moselle Connect\",\"url\":\"https:\\\/\\\/moselleconnect.lu\\\/\",\"logo\":{\"@type\":\"ImageObject\",\"inLanguage\":\"fr-FR\",\"@id\":\"https:\\\/\\\/moselleconnect.lu\\\/#\\\/schema\\\/logo\\\/image\\\/\",\"url\":\"https:\\\/\\\/moselleconnect.lu\\\/wp-content\\\/uploads\\\/2024\\\/11\\\/Logo-blue.png\",\"contentUrl\":\"https:\\\/\\\/moselleconnect.lu\\\/wp-content\\\/uploads\\\/2024\\\/11\\\/Logo-blue.png\",\"width\":500,\"height\":500,\"caption\":\"Moselle Connect\"},\"image\":{\"@id\":\"https:\\\/\\\/moselleconnect.lu\\\/#\\\/schema\\\/logo\\\/image\\\/\"},\"sameAs\":[\"https:\\\/\\\/www.linkedin.com\\\/company\\\/105479244\"]}]}<\/script>\n<!-- \/ Yoast SEO plugin. -->","yoast_head_json":{"title":"Blogue | MoselleConnect","robots":{"index":"index","follow":"follow","max-snippet":"max-snippet:-1","max-image-preview":"max-image-preview:large","max-video-preview":"max-video-preview:-1"},"canonical":"https:\/\/moselleconnect.lu\/fr\/blogue-2\/","og_locale":"fr_FR","og_type":"article","og_title":"Blogue | MoselleConnect","og_description":"Nous sommes d\u00e9vou\u00e9s Page de blog Page d&#8217;accueil Page du blog Blogue","og_url":"https:\/\/moselleconnect.lu\/fr\/blogue-2\/","og_site_name":"MoselleConnect","article_modified_time":"2024-12-16T16:50:58+00:00","og_image":[{"width":500,"height":500,"url":"https:\/\/moselleconnect.lu\/wp-content\/uploads\/2024\/11\/Monogram-blue.png","type":"image\/png"}],"twitter_card":"summary_large_image","twitter_misc":{"Dur\u00e9e de lecture estim\u00e9e":"1 minute"},"schema":{"@context":"https:\/\/schema.org","@graph":[{"@type":"WebPage","@id":"https:\/\/moselleconnect.lu\/fr\/blogue-2\/","url":"https:\/\/moselleconnect.lu\/fr\/blogue-2\/","name":"Blogue | MoselleConnect","isPartOf":{"@id":"https:\/\/moselleconnect.lu\/#website"},"datePublished":"2024-10-31T17:58:45+00:00","dateModified":"2024-12-16T16:50:58+00:00","breadcrumb":{"@id":"https:\/\/moselleconnect.lu\/fr\/blogue-2\/#breadcrumb"},"inLanguage":"fr-FR","potentialAction":[{"@type":"ReadAction","target":["https:\/\/moselleconnect.lu\/fr\/blogue-2\/"]}]},{"@type":"BreadcrumbList","@id":"https:\/\/moselleconnect.lu\/fr\/blogue-2\/#breadcrumb","itemListElement":[{"@type":"ListItem","position":1,"name":"Home","item":"https:\/\/moselleconnect.lu\/"},{"@type":"ListItem","position":2,"name":"Blogue"}]},{"@type":"WebSite","@id":"https:\/\/moselleconnect.lu\/#website","url":"https:\/\/moselleconnect.lu\/","name":"MoselleConnect","description":"Custom Software Solutions","publisher":{"@id":"https:\/\/moselleconnect.lu\/#organization"},"potentialAction":[{"@type":"SearchAction","target":{"@type":"EntryPoint","urlTemplate":"https:\/\/moselleconnect.lu\/?s={search_term_string}"},"query-input":{"@type":"PropertyValueSpecification","valueRequired":true,"valueName":"search_term_string"}}],"inLanguage":"fr-FR"},{"@type":"Organization","@id":"https:\/\/moselleconnect.lu\/#organization","name":"Moselle Connect","url":"https:\/\/moselleconnect.lu\/","logo":{"@type":"ImageObject","inLanguage":"fr-FR","@id":"https:\/\/moselleconnect.lu\/#\/schema\/logo\/image\/","url":"https:\/\/moselleconnect.lu\/wp-content\/uploads\/2024\/11\/Logo-blue.png","contentUrl":"https:\/\/moselleconnect.lu\/wp-content\/uploads\/2024\/11\/Logo-blue.png","width":500,"height":500,"caption":"Moselle Connect"},"image":{"@id":"https:\/\/moselleconnect.lu\/#\/schema\/logo\/image\/"},"sameAs":["https:\/\/www.linkedin.com\/company\/105479244"]}]}},"_links":{"self":[{"href":"https:\/\/moselleconnect.lu\/fr\/wp-json\/wp\/v2\/pages\/5117","targetHints":{"allow":["GET"]}}],"collection":[{"href":"https:\/\/moselleconnect.lu\/fr\/wp-json\/wp\/v2\/pages"}],"about":[{"href":"https:\/\/moselleconnect.lu\/fr\/wp-json\/wp\/v2\/types\/page"}],"author":[{"embeddable":true,"href":"https:\/\/moselleconnect.lu\/fr\/wp-json\/wp\/v2\/users\/7"}],"replies":[{"embeddable":true,"href":"https:\/\/moselleconnect.lu\/fr\/wp-json\/wp\/v2\/comments?post=5117"}],"version-history":[{"count":19,"href":"https:\/\/moselleconnect.lu\/fr\/wp-json\/wp\/v2\/pages\/5117\/revisions"}],"predecessor-version":[{"id":5448,"href":"https:\/\/moselleconnect.lu\/fr\/wp-json\/wp\/v2\/pages\/5117\/revisions\/5448"}],"wp:attachment":[{"href":"https:\/\/moselleconnect.lu\/fr\/wp-json\/wp\/v2\/media?parent=5117"}],"curies":[{"name":"wp","href":"https:\/\/api.w.org\/{rel}","templated":true}]}}