{"id":3698,"date":"2023-02-03T03:56:51","date_gmt":"2023-02-03T02:56:51","guid":{"rendered":"https:\/\/moselleconnect.lu\/contactez-nous\/"},"modified":"2024-12-03T17:02:29","modified_gmt":"2024-12-03T16:02:29","slug":"contactez-nous","status":"publish","type":"page","link":"https:\/\/moselleconnect.lu\/fr\/contactez-nous\/","title":{"rendered":"Contactez nous"},"content":{"rendered":"\t\t<div data-elementor-type=\"wp-page\" data-elementor-id=\"3698\" class=\"elementor elementor-3698 elementor-63\" data-elementor-post-type=\"page\">\n\t\t\t\t\t\t<section data-particle_enable=\"false\" data-particle-mobile-disabled=\"false\" class=\"elementor-section elementor-top-section elementor-element elementor-element-9680077 elementor-section-full_width elementor-section-height-default elementor-section-height-default\" data-id=\"9680077\" data-element_type=\"section\" data-e-type=\"section\">\n\t\t\t\t\t\t<div class=\"elementor-container elementor-column-gap-no\">\n\t\t\t\t\t<div class=\"elementor-column elementor-col-100 elementor-top-column elementor-element elementor-element-03c19ba\" data-id=\"03c19ba\" data-element_type=\"column\" data-e-type=\"column\">\n\t\t\t<div class=\"elementor-widget-wrap elementor-element-populated\">\n\t\t\t\t\t\t<div class=\"elementor-element elementor-element-2c7a237 elementor-align-left elementor-widget elementor-widget-bdevs-page-header\" data-id=\"2c7a237\" data-element_type=\"widget\" data-e-type=\"widget\" data-widget_type=\"bdevs-page-header.default\">\n\t\t\t\t<div class=\"elementor-widget-container\">\n\t\t\t\t\t    <div class=\"full-landing-image sx-bnr-inr overlay-wraper  bg-top-center\"    style=\"background-image:url(https:\/\/shtheme.com\/demosd\/itodo\/wp-content\/uploads\/2023\/03\/bnr-6.jpg);\">\r\n            <div class=\"overlay-main bg-white opacity-0\"><\/div>\r\n            <div class=\"container\">\r\n                <div class=\"sx-bnr-inr-entry\">\r\n                    <div class=\"banner-title-outer\">\r\n                                                <div class=\"banner-title-name\">\r\n                                                        <span class=\"sx-bnr-sm-title\">nous sommes d\u00e9vou\u00e9s<\/span>\r\n                                                                                    <h2 class=\"sx-title\">Obtenez une offre rapide<\/h2>\r\n                                                    <\/div>\r\n                                                <!-- BREADCRUMB ROW -->                            \r\n                        <div>\r\n                            <ul class=\"sx-breadcrumb breadcrumb-style-2\">\r\n                                                                <li><a href=\"https:\/\/moselleconnect.lu\/fr\/\">Page d'accueil<\/a><\/li>\r\n                                                                                                <li>Contactez-nous<\/li>\r\n                                                            <\/ul>\r\n                        <\/div>\r\n                        <!-- BREADCRUMB ROW END -->  \r\n                    <\/div>                          \r\n                <\/div>\r\n            <\/div> \r\n                        <div class=\"sx-bnr-outline-text\">\r\n                <h1>Solution informatique<\/h1>\r\n            <\/div> \r\n                    <\/div>\r\n    \t\t\t\t<\/div>\n\t\t\t\t<\/div>\n\t\t\t\t\t<\/div>\n\t\t<\/div>\n\t\t\t\t\t<\/div>\n\t\t<\/section>\n\t\t\t\t<section data-particle_enable=\"false\" data-particle-mobile-disabled=\"false\" class=\"elementor-section elementor-top-section elementor-element elementor-element-1c12416 elementor-section-full_width elementor-section-height-default elementor-section-height-default\" data-id=\"1c12416\" data-element_type=\"section\" data-e-type=\"section\">\n\t\t\t\t\t\t<div class=\"elementor-container elementor-column-gap-no\">\n\t\t\t\t\t<div class=\"elementor-column elementor-col-100 elementor-top-column elementor-element elementor-element-4dc0ad4\" data-id=\"4dc0ad4\" data-element_type=\"column\" data-e-type=\"column\">\n\t\t\t<div class=\"elementor-widget-wrap elementor-element-populated\">\n\t\t\t\t\t\t<div class=\"elementor-element elementor-element-92d7b54 elementor-align-left elementor-widget elementor-widget-bdevs-contact\" data-id=\"92d7b54\" data-element_type=\"widget\" data-e-type=\"widget\" data-widget_type=\"bdevs-contact.default\">\n\t\t\t\t<div class=\"elementor-widget-container\">\n\t\t\t\t\t        <div class=\"section-full p-t110 p-b80 sx-bg-white sx-ourteam-outer \">\n            <div class=\"container\">\n                <!-- GOOGLE MAP & CONTACT FORM -->\n                <div class=\"section-content\">\n                    <!-- CONTACT FORM-->\n                    <div class=\"row justify-content-center\">\n                        <div class=\"col-lg-8 col-md-12  m-b30\">\n                            <div class=\"contact-info\">\n                                                                <div class=\"section-head left\">\n                                                                        <div class=\"sx-head-s-title\">CONTACTEZ-NOUS<\/div>\n                                                                                                            <div class=\"sx-head-l-title\">\n                                        <h2 class=\"sx-title\">Travaillons ensemble pour construire l\u2019avenir de votre entreprise.<\/h2>\n                                    <\/div>\n                                                                    <\/div>   \n                                    \n                                <div class=\"row sx-contact-form-icon-bx\">\n                                                                        <div class=\"col-lg-6 col-md-6 m-b30\">\n                                        <div class=\"sx-icon-bx-5\">\n\t\t\t\t\t\t\t\t\t\t\t                                            <div class=\"sx-media\">\n                                                <i class=\"flaticon-telephone\"><\/i>\n                                            <\/div>   \n\t\t\t\t\t\t\t\t\t\t\t                                            <div class=\"sx-icon-bx-info\">\n                                                                                                <a href=\"javascript:;\" class=\"sx-icon-bx-title-info\">T\u00e9l\u00e9phone de contact<\/a>\n                                                                                                                                                <a href=\"javascript:;\" class=\"sx-icon-bx-title\">+352 20 33 15 71<\/a>\n                                                                                            <\/div>                               \n                                        <\/div>\n                                    <\/div>\n                                                                        <div class=\"col-lg-6 col-md-6 m-b30\">\n                                        <div class=\"sx-icon-bx-5\">\n\t\t\t\t\t\t\t\t\t\t\t                                            <div class=\"sx-media\">\n                                                <i class=\"flaticon-telephone\"><\/i>\n                                            <\/div>   \n\t\t\t\t\t\t\t\t\t\t\t                                            <div class=\"sx-icon-bx-info\">\n                                                                                                <a href=\"javascript:;\" class=\"sx-icon-bx-title-info\">T\u00e9l\u00e9phone de contact<\/a>\n                                                                                                                                                <a href=\"javascript:;\" class=\"sx-icon-bx-title\">+352 621 528 638<\/a>\n                                                                                            <\/div>                               \n                                        <\/div>\n                                    <\/div>\n                                                                        <div class=\"col-lg-6 col-md-6 m-b30\">\n                                        <div class=\"sx-icon-bx-5\">\n\t\t\t\t\t\t\t\t\t\t\t                                            <div class=\"sx-media\">\n                                                <i class=\"flaticon-clock\"><\/i>\n                                            <\/div>   \n\t\t\t\t\t\t\t\t\t\t\t                                            <div class=\"sx-icon-bx-info\">\n                                                                                                <a href=\"javascript:;\" class=\"sx-icon-bx-title-info\">Heure de bureau<\/a>\n                                                                                                                                                <a href=\"javascript:;\" class=\"sx-icon-bx-title\">Du lundi au vendredi: de 7h00 \u00e0 22h00\n<br><\/a>\n                                                                                            <\/div>                               \n                                        <\/div>\n                                    <\/div>\n                                                                        <div class=\"col-lg-6 col-md-6 m-b30\">\n                                        <div class=\"sx-icon-bx-5\">\n\t\t\t\t\t\t\t\t\t\t\t                                            <div class=\"sx-media\">\n                                                <i class=\"flaticon-email\"><\/i>\n                                            <\/div>   \n\t\t\t\t\t\t\t\t\t\t\t                                            <div class=\"sx-icon-bx-info\">\n                                                                                                <a href=\"javascript:;\" class=\"sx-icon-bx-title-info\">Contacter la messagerie<\/a>\n                                                                                                                                                <a href=\"javascript:;\" class=\"sx-icon-bx-title\">info@moselleconnect.lu<\/a>\n                                                                                            <\/div>                               \n                                        <\/div>\n                                    <\/div>\n                                                                        <div class=\"col-lg-6 col-md-6 m-b30\">\n                                        <div class=\"sx-icon-bx-5\">\n\t\t\t\t\t\t\t\t\t\t\t                                            <div class=\"sx-media\">\n                                                <i class=\"flaticon-map-location\"><\/i>\n                                            <\/div>   \n\t\t\t\t\t\t\t\t\t\t\t                                            <div class=\"sx-icon-bx-info\">\n                                                                                                <a href=\"javascript:;\" class=\"sx-icon-bx-title-info\">Localisation<\/a>\n                                                                                                                                                <a href=\"javascript:;\" class=\"sx-icon-bx-title\">20 Rue de Thionville, Grevenmacher, L-6791 Luxembourg<\/a>\n                                                                                            <\/div>                               \n                                        <\/div>\n                                    <\/div>\n                                                                    <\/div>\n                            <\/div>\n                        <\/div> \n                        <div class=\"col-lg-4 col-md-12 m-b30\">\n                            <div class=\"contact-home1-right\">                                \n                                <div class=\"contact-home-1-form sx-bg-light\">\n                                    <h4 class=\"sx-title\">Get In Touch<\/h4>\n                                                                    <\/div>\n                            <\/div>\n                        <\/div> \n                  \n                    <\/div>\n                <\/div>\n            <\/div>\n        <\/div>  \n    \t\t\t\t<\/div>\n\t\t\t\t<\/div>\n\t\t\t\t\t<\/div>\n\t\t<\/div>\n\t\t\t\t\t<\/div>\n\t\t<\/section>\n\t\t<div data-particle_enable=\"false\" data-particle-mobile-disabled=\"false\" class=\"elementor-element elementor-element-a3908db e-flex e-con-boxed e-con e-parent\" data-id=\"a3908db\" data-element_type=\"container\" data-e-type=\"container\">\n\t\t\t\t\t<div class=\"e-con-inner\">\n\t\t<div data-particle_enable=\"false\" data-particle-mobile-disabled=\"false\" class=\"elementor-element elementor-element-5d0dfe2 e-flex e-con-boxed e-con e-child\" data-id=\"5d0dfe2\" data-element_type=\"container\" data-e-type=\"container\">\n\t\t\t\t\t<div class=\"e-con-inner\">\n\t\t\t\t<div class=\"elementor-element elementor-element-9cd7079 elementor-button-align-start elementor-widget elementor-widget-form\" data-id=\"9cd7079\" data-element_type=\"widget\" data-e-type=\"widget\" data-settings=\"{&quot;step_next_label&quot;:&quot;Suivant&quot;,&quot;step_previous_label&quot;:&quot;Pr\\u00e9c\\u00e9dent&quot;,&quot;button_width&quot;:&quot;100&quot;,&quot;step_type&quot;:&quot;number_text&quot;,&quot;step_icon_shape&quot;:&quot;circle&quot;}\" data-widget_type=\"form.default\">\n\t\t\t\t<div class=\"elementor-widget-container\">\n\t\t\t\t\t\t\t<form class=\"elementor-form\" method=\"post\" name=\"Nouveau formulaire\">\n\t\t\t<input type=\"hidden\" name=\"post_id\" value=\"3698\"\/>\n\t\t\t<input type=\"hidden\" name=\"form_id\" value=\"9cd7079\"\/>\n\t\t\t<input type=\"hidden\" name=\"referer_title\" value=\"Contactez-nous | MoselleConnect\" \/>\n\n\t\t\t\t\t\t\t<input type=\"hidden\" name=\"queried_id\" value=\"3698\"\/>\n\t\t\t\n\t\t\t<div class=\"elementor-form-fields-wrapper elementor-labels-above\">\n\t\t\t\t\t\t\t\t<div class=\"elementor-field-type-text elementor-field-group elementor-column elementor-field-group-name elementor-col-100\">\n\t\t\t\t\t\t\t\t\t\t\t\t<label for=\"form-field-name\" class=\"elementor-field-label\">\n\t\t\t\t\t\t\t\tNom\t\t\t\t\t\t\t<\/label>\n\t\t\t\t\t\t\t\t\t\t\t\t\t\t<input size=\"1\" type=\"text\" name=\"form_fields[name]\" id=\"form-field-name\" class=\"elementor-field elementor-size-sm  elementor-field-textual\" placeholder=\"Nom\">\n\t\t\t\t\t\t\t\t\t\t\t<\/div>\n\t\t\t\t\t\t\t\t<div class=\"elementor-field-type-email elementor-field-group elementor-column elementor-field-group-email elementor-col-100 elementor-field-required elementor-mark-required\">\n\t\t\t\t\t\t\t\t\t\t\t\t<label for=\"form-field-email\" class=\"elementor-field-label\">\n\t\t\t\t\t\t\t\tCourriel\t\t\t\t\t\t\t<\/label>\n\t\t\t\t\t\t\t\t\t\t\t\t\t\t<input size=\"1\" type=\"email\" name=\"form_fields[email]\" id=\"form-field-email\" class=\"elementor-field elementor-size-sm  elementor-field-textual\" placeholder=\"Courriel\" required=\"required\" aria-required=\"true\">\n\t\t\t\t\t\t\t\t\t\t\t<\/div>\n\t\t\t\t\t\t\t\t<div class=\"elementor-field-type-text elementor-field-group elementor-column elementor-field-group-number elementor-col-100\">\n\t\t\t\t\t\t\t\t\t\t\t\t<label for=\"form-field-number\" class=\"elementor-field-label\">\n\t\t\t\t\t\t\t\tNum\u00e9ro de t\u00e9l\u00e9phone\t\t\t\t\t\t\t<\/label>\n\t\t\t\t\t\t\t\t\t\t\t\t\t\t<input size=\"1\" type=\"text\" name=\"form_fields[number]\" id=\"form-field-number\" class=\"elementor-field elementor-size-sm  elementor-field-textual\" placeholder=\"Num\u00e9ro \">\n\t\t\t\t\t\t\t\t\t\t\t<\/div>\n\t\t\t\t\t\t\t\t<div class=\"elementor-field-type-textarea elementor-field-group elementor-column elementor-field-group-message elementor-col-100 elementor-field-required elementor-mark-required\">\n\t\t\t\t\t\t\t\t\t\t\t\t<label for=\"form-field-message\" class=\"elementor-field-label\">\n\t\t\t\t\t\t\t\tMessage\t\t\t\t\t\t\t<\/label>\n\t\t\t\t\t\t<textarea class=\"elementor-field-textual elementor-field  elementor-size-sm\" name=\"form_fields[message]\" id=\"form-field-message\" rows=\"4\" placeholder=\"Message\" required=\"required\" aria-required=\"true\"><\/textarea>\t\t\t\t<\/div>\n\t\t\t\t\t\t\t\t<div class=\"elementor-field-type-recaptcha_v3 elementor-field-group elementor-column elementor-field-group-recaptcha elementor-col-100 recaptcha_v3-bottomright\">\n\t\t\t\t\t<div class=\"elementor-field\" id=\"form-field-recaptcha\"><div class=\"elementor-g-recaptcha\" data-sitekey=\"6Lcdd3EqAAAAAAgoMObX33Q3FGqNoVlQDzAoN6Xk\" data-type=\"v3\" data-action=\"Form\" data-badge=\"bottomright\" data-size=\"invisible\"><\/div><\/div>\t\t\t\t<\/div>\n\t\t\t\t\t\t\t\t<div class=\"elementor-field-group elementor-column elementor-field-type-submit elementor-col-100 e-form__buttons\">\n\t\t\t\t\t<button class=\"elementor-button elementor-size-sm\" type=\"submit\">\n\t\t\t\t\t\t<span class=\"elementor-button-content-wrapper\">\n\t\t\t\t\t\t\t\t\t\t\t\t\t\t\t\t\t\t\t\t\t\t<span class=\"elementor-button-text\">Envoyer<\/span>\n\t\t\t\t\t\t\t\t\t\t\t\t\t<\/span>\n\t\t\t\t\t<\/button>\n\t\t\t\t<\/div>\n\t\t\t<\/div>\n\t\t<\/form>\n\t\t\t\t\t\t<\/div>\n\t\t\t\t<\/div>\n\t\t\t\t\t<\/div>\n\t\t\t\t<\/div>\n\t\t\t\t\t<\/div>\n\t\t\t\t<\/div>\n\t\t\t\t<\/div>\n\t\t","protected":false},"excerpt":{"rendered":"<p>nous sommes d\u00e9vou\u00e9s Obtenez une offre rapide Page d&#8217;accueil Contactez-nous Solution informatique CONTACTEZ-NOUS Travaillons ensemble pour construire l\u2019avenir de votre entreprise. T\u00e9l\u00e9phone de contact +352 20 33 15 71 T\u00e9l\u00e9phone de contact +352 621 528 638 Heure de bureau Du lundi au vendredi: de 7h00 \u00e0 22h00 Contacter la messagerie info@moselleconnect.lu Localisation 20 Rue de [&hellip;]<\/p>\n","protected":false},"author":1,"featured_media":0,"parent":0,"menu_order":0,"comment_status":"closed","ping_status":"closed","template":"page-templates\/home-1.php","meta":{"inline_featured_image":false,"footnotes":""},"class_list":["post-3698","page","type-page","status-publish","hentry"],"yoast_head":"<!-- This site is optimized with the Yoast SEO plugin v27.5 - https:\/\/yoast.com\/product\/yoast-seo-wordpress\/ -->\n<title>Contactez-nous | MoselleConnect<\/title>\n<meta name=\"description\" content=\"Contactez MoselleConnect pour des solutions innovantes : appelez-nous au +352 20 33 15 71 ou envoyez un email \u00e0 info@moselleconnect.lu.\" \/>\n<meta name=\"robots\" content=\"index, follow, max-snippet:-1, max-image-preview:large, max-video-preview:-1\" \/>\n<link rel=\"canonical\" href=\"https:\/\/moselleconnect.lu\/fr\/contactez-nous\/\" \/>\n<meta property=\"og:locale\" content=\"fr_FR\" \/>\n<meta property=\"og:type\" content=\"article\" \/>\n<meta property=\"og:title\" content=\"Contactez-nous | MoselleConnect\" \/>\n<meta property=\"og:description\" content=\"Contactez MoselleConnect pour des solutions innovantes : appelez-nous au +352 20 33 15 71 ou envoyez un email \u00e0 info@moselleconnect.lu.\" \/>\n<meta property=\"og:url\" content=\"https:\/\/moselleconnect.lu\/fr\/contactez-nous\/\" \/>\n<meta property=\"og:site_name\" content=\"MoselleConnect\" \/>\n<meta property=\"article:modified_time\" content=\"2024-12-03T16:02:29+00:00\" \/>\n<meta property=\"og:image\" content=\"https:\/\/moselleconnect.lu\/wp-content\/uploads\/2024\/11\/Monogram-blue.png\" \/>\n\t<meta property=\"og:image:width\" content=\"500\" \/>\n\t<meta property=\"og:image:height\" content=\"500\" \/>\n\t<meta property=\"og:image:type\" content=\"image\/png\" \/>\n<meta name=\"twitter:card\" content=\"summary_large_image\" \/>\n<meta name=\"twitter:label1\" content=\"Dur\u00e9e de lecture estim\u00e9e\" \/>\n\t<meta name=\"twitter:data1\" content=\"1 minute\" \/>\n<script type=\"application\/ld+json\" class=\"yoast-schema-graph\">{\"@context\":\"https:\\\/\\\/schema.org\",\"@graph\":[{\"@type\":\"WebPage\",\"@id\":\"https:\\\/\\\/moselleconnect.lu\\\/fr\\\/contactez-nous\\\/\",\"url\":\"https:\\\/\\\/moselleconnect.lu\\\/fr\\\/contactez-nous\\\/\",\"name\":\"Contactez-nous | MoselleConnect\",\"isPartOf\":{\"@id\":\"https:\\\/\\\/moselleconnect.lu\\\/#website\"},\"datePublished\":\"2023-02-03T02:56:51+00:00\",\"dateModified\":\"2024-12-03T16:02:29+00:00\",\"description\":\"Contactez MoselleConnect pour des solutions innovantes : appelez-nous au +352 20 33 15 71 ou envoyez un email \u00e0 info@moselleconnect.lu.\",\"breadcrumb\":{\"@id\":\"https:\\\/\\\/moselleconnect.lu\\\/fr\\\/contactez-nous\\\/#breadcrumb\"},\"inLanguage\":\"fr-FR\",\"potentialAction\":[{\"@type\":\"ReadAction\",\"target\":[\"https:\\\/\\\/moselleconnect.lu\\\/fr\\\/contactez-nous\\\/\"]}]},{\"@type\":\"BreadcrumbList\",\"@id\":\"https:\\\/\\\/moselleconnect.lu\\\/fr\\\/contactez-nous\\\/#breadcrumb\",\"itemListElement\":[{\"@type\":\"ListItem\",\"position\":1,\"name\":\"Home\",\"item\":\"https:\\\/\\\/moselleconnect.lu\\\/\"},{\"@type\":\"ListItem\",\"position\":2,\"name\":\"Contactez nous\"}]},{\"@type\":\"WebSite\",\"@id\":\"https:\\\/\\\/moselleconnect.lu\\\/#website\",\"url\":\"https:\\\/\\\/moselleconnect.lu\\\/\",\"name\":\"MoselleConnect\",\"description\":\"Custom Software Solutions\",\"publisher\":{\"@id\":\"https:\\\/\\\/moselleconnect.lu\\\/#organization\"},\"potentialAction\":[{\"@type\":\"SearchAction\",\"target\":{\"@type\":\"EntryPoint\",\"urlTemplate\":\"https:\\\/\\\/moselleconnect.lu\\\/?s={search_term_string}\"},\"query-input\":{\"@type\":\"PropertyValueSpecification\",\"valueRequired\":true,\"valueName\":\"search_term_string\"}}],\"inLanguage\":\"fr-FR\"},{\"@type\":\"Organization\",\"@id\":\"https:\\\/\\\/moselleconnect.lu\\\/#organization\",\"name\":\"Moselle Connect\",\"url\":\"https:\\\/\\\/moselleconnect.lu\\\/\",\"logo\":{\"@type\":\"ImageObject\",\"inLanguage\":\"fr-FR\",\"@id\":\"https:\\\/\\\/moselleconnect.lu\\\/#\\\/schema\\\/logo\\\/image\\\/\",\"url\":\"https:\\\/\\\/moselleconnect.lu\\\/wp-content\\\/uploads\\\/2024\\\/11\\\/Logo-blue.png\",\"contentUrl\":\"https:\\\/\\\/moselleconnect.lu\\\/wp-content\\\/uploads\\\/2024\\\/11\\\/Logo-blue.png\",\"width\":500,\"height\":500,\"caption\":\"Moselle Connect\"},\"image\":{\"@id\":\"https:\\\/\\\/moselleconnect.lu\\\/#\\\/schema\\\/logo\\\/image\\\/\"},\"sameAs\":[\"https:\\\/\\\/www.linkedin.com\\\/company\\\/105479244\"]}]}<\/script>\n<!-- \/ Yoast SEO plugin. -->","yoast_head_json":{"title":"Contactez-nous | MoselleConnect","description":"Contactez MoselleConnect pour des solutions innovantes : appelez-nous au +352 20 33 15 71 ou envoyez un email \u00e0 info@moselleconnect.lu.","robots":{"index":"index","follow":"follow","max-snippet":"max-snippet:-1","max-image-preview":"max-image-preview:large","max-video-preview":"max-video-preview:-1"},"canonical":"https:\/\/moselleconnect.lu\/fr\/contactez-nous\/","og_locale":"fr_FR","og_type":"article","og_title":"Contactez-nous | MoselleConnect","og_description":"Contactez MoselleConnect pour des solutions innovantes : appelez-nous au +352 20 33 15 71 ou envoyez un email \u00e0 info@moselleconnect.lu.","og_url":"https:\/\/moselleconnect.lu\/fr\/contactez-nous\/","og_site_name":"MoselleConnect","article_modified_time":"2024-12-03T16:02:29+00:00","og_image":[{"width":500,"height":500,"url":"https:\/\/moselleconnect.lu\/wp-content\/uploads\/2024\/11\/Monogram-blue.png","type":"image\/png"}],"twitter_card":"summary_large_image","twitter_misc":{"Dur\u00e9e de lecture estim\u00e9e":"1 minute"},"schema":{"@context":"https:\/\/schema.org","@graph":[{"@type":"WebPage","@id":"https:\/\/moselleconnect.lu\/fr\/contactez-nous\/","url":"https:\/\/moselleconnect.lu\/fr\/contactez-nous\/","name":"Contactez-nous | MoselleConnect","isPartOf":{"@id":"https:\/\/moselleconnect.lu\/#website"},"datePublished":"2023-02-03T02:56:51+00:00","dateModified":"2024-12-03T16:02:29+00:00","description":"Contactez MoselleConnect pour des solutions innovantes : appelez-nous au +352 20 33 15 71 ou envoyez un email \u00e0 info@moselleconnect.lu.","breadcrumb":{"@id":"https:\/\/moselleconnect.lu\/fr\/contactez-nous\/#breadcrumb"},"inLanguage":"fr-FR","potentialAction":[{"@type":"ReadAction","target":["https:\/\/moselleconnect.lu\/fr\/contactez-nous\/"]}]},{"@type":"BreadcrumbList","@id":"https:\/\/moselleconnect.lu\/fr\/contactez-nous\/#breadcrumb","itemListElement":[{"@type":"ListItem","position":1,"name":"Home","item":"https:\/\/moselleconnect.lu\/"},{"@type":"ListItem","position":2,"name":"Contactez nous"}]},{"@type":"WebSite","@id":"https:\/\/moselleconnect.lu\/#website","url":"https:\/\/moselleconnect.lu\/","name":"MoselleConnect","description":"Custom Software Solutions","publisher":{"@id":"https:\/\/moselleconnect.lu\/#organization"},"potentialAction":[{"@type":"SearchAction","target":{"@type":"EntryPoint","urlTemplate":"https:\/\/moselleconnect.lu\/?s={search_term_string}"},"query-input":{"@type":"PropertyValueSpecification","valueRequired":true,"valueName":"search_term_string"}}],"inLanguage":"fr-FR"},{"@type":"Organization","@id":"https:\/\/moselleconnect.lu\/#organization","name":"Moselle Connect","url":"https:\/\/moselleconnect.lu\/","logo":{"@type":"ImageObject","inLanguage":"fr-FR","@id":"https:\/\/moselleconnect.lu\/#\/schema\/logo\/image\/","url":"https:\/\/moselleconnect.lu\/wp-content\/uploads\/2024\/11\/Logo-blue.png","contentUrl":"https:\/\/moselleconnect.lu\/wp-content\/uploads\/2024\/11\/Logo-blue.png","width":500,"height":500,"caption":"Moselle Connect"},"image":{"@id":"https:\/\/moselleconnect.lu\/#\/schema\/logo\/image\/"},"sameAs":["https:\/\/www.linkedin.com\/company\/105479244"]}]}},"_links":{"self":[{"href":"https:\/\/moselleconnect.lu\/fr\/wp-json\/wp\/v2\/pages\/3698","targetHints":{"allow":["GET"]}}],"collection":[{"href":"https:\/\/moselleconnect.lu\/fr\/wp-json\/wp\/v2\/pages"}],"about":[{"href":"https:\/\/moselleconnect.lu\/fr\/wp-json\/wp\/v2\/types\/page"}],"author":[{"embeddable":true,"href":"https:\/\/moselleconnect.lu\/fr\/wp-json\/wp\/v2\/users\/1"}],"replies":[{"embeddable":true,"href":"https:\/\/moselleconnect.lu\/fr\/wp-json\/wp\/v2\/comments?post=3698"}],"version-history":[{"count":67,"href":"https:\/\/moselleconnect.lu\/fr\/wp-json\/wp\/v2\/pages\/3698\/revisions"}],"predecessor-version":[{"id":5281,"href":"https:\/\/moselleconnect.lu\/fr\/wp-json\/wp\/v2\/pages\/3698\/revisions\/5281"}],"wp:attachment":[{"href":"https:\/\/moselleconnect.lu\/fr\/wp-json\/wp\/v2\/media?parent=3698"}],"curies":[{"name":"wp","href":"https:\/\/api.w.org\/{rel}","templated":true}]}}